{"id":18,"date":"2020-06-07T23:44:05","date_gmt":"2020-06-07T21:44:05","guid":{"rendered":"https:\/\/test.dresden-musikfilm.de\/?page_id=18"},"modified":"2020-06-11T20:30:29","modified_gmt":"2020-06-11T18:30:29","slug":"kontakt","status":"publish","type":"page","link":"https:\/\/dresden-musikfilm.de\/?page_id=18","title":{"rendered":"Kontakt"},"content":{"rendered":"\n<div class=\"alignnormal\"><div id=\"metaslider-id-366\" style=\"max-width: 200px; margin: 0 auto;\" class=\"ml-slider-3-100-1 metaslider metaslider-flex metaslider-366 ml-slider ms-theme-default nav-hidden\" role=\"region\" aria-label=\"dmf_slide_01\" data-height=\"112\" data-width=\"200\">\n    <div id=\"metaslider_container_366\">\n        <div id=\"metaslider_366\">\n            <ul class='slides'>\n                <li style=\"display: block; width: 100%;\" class=\"slide-716 ms-image \" aria-roledescription=\"slide\" data-date=\"2020-06-25 00:27:54\"><img loading=\"lazy\" decoding=\"async\" src=\"https:\/\/dresden-musikfilm.de\/wp-content\/uploads\/2020\/06\/slide16-200x112.png\" height=\"112\" width=\"200\" alt=\"\" class=\"slider-366 slide-716 msDefaultImage\" title=\"slide16\" \/><\/li>\n                <li style=\"display: none; width: 100%;\" class=\"slide-723 ms-image \" aria-roledescription=\"slide\" data-date=\"2020-06-25 00:27:54\"><img loading=\"lazy\" decoding=\"async\" src=\"https:\/\/dresden-musikfilm.de\/wp-content\/uploads\/2020\/06\/slide09-200x112.png\" height=\"112\" width=\"200\" alt=\"\" class=\"slider-366 slide-723 msDefaultImage\" title=\"slide09\" \/><\/li>\n                <li style=\"display: none; width: 100%;\" class=\"slide-721 ms-image \" aria-roledescription=\"slide\" data-date=\"2020-06-25 00:27:54\"><img loading=\"lazy\" decoding=\"async\" src=\"https:\/\/dresden-musikfilm.de\/wp-content\/uploads\/2020\/06\/slide11-200x112.png\" height=\"112\" width=\"200\" alt=\"\" class=\"slider-366 slide-721 msDefaultImage\" title=\"slide11\" \/><\/li>\n                <li style=\"display: none; width: 100%;\" class=\"slide-720 ms-image \" aria-roledescription=\"slide\" data-date=\"2020-06-25 00:27:54\"><img loading=\"lazy\" decoding=\"async\" src=\"https:\/\/dresden-musikfilm.de\/wp-content\/uploads\/2020\/06\/slide12-200x112.png\" height=\"112\" width=\"200\" alt=\"\" class=\"slider-366 slide-720 msDefaultImage\" title=\"slide12\" \/><\/li>\n                <li style=\"display: none; width: 100%;\" class=\"slide-705 ms-image \" aria-roledescription=\"slide\" data-date=\"2020-06-25 00:27:54\"><img loading=\"lazy\" decoding=\"async\" src=\"https:\/\/dresden-musikfilm.de\/wp-content\/uploads\/2020\/06\/Slide27-200x112.png\" height=\"112\" width=\"200\" alt=\"\" class=\"slider-366 slide-705 msDefaultImage\" title=\"Slide27\" \/><\/li>\n                <li style=\"display: none; width: 100%;\" class=\"slide-707 ms-image \" aria-roledescription=\"slide\" data-date=\"2020-06-25 00:27:54\"><img loading=\"lazy\" decoding=\"async\" src=\"https:\/\/dresden-musikfilm.de\/wp-content\/uploads\/2020\/06\/Slide25-200x112.png\" height=\"112\" width=\"200\" alt=\"\" class=\"slider-366 slide-707 msDefaultImage\" title=\"Slide25\" \/><\/li>\n                <li style=\"display: none; width: 100%;\" class=\"slide-722 ms-image \" aria-roledescription=\"slide\" data-date=\"2020-06-25 00:27:54\"><img loading=\"lazy\" decoding=\"async\" src=\"https:\/\/dresden-musikfilm.de\/wp-content\/uploads\/2020\/06\/slide10-200x112.png\" height=\"112\" width=\"200\" alt=\"\" class=\"slider-366 slide-722 msDefaultImage\" title=\"slide10\" \/><\/li>\n                <li style=\"display: none; width: 100%;\" class=\"slide-712 ms-image \" aria-roledescription=\"slide\" data-date=\"2020-06-25 00:27:54\"><img loading=\"lazy\" decoding=\"async\" src=\"https:\/\/dresden-musikfilm.de\/wp-content\/uploads\/2020\/06\/slide20-200x112.png\" height=\"112\" width=\"200\" alt=\"\" class=\"slider-366 slide-712 msDefaultImage\" title=\"slide20\" \/><\/li>\n                <li style=\"display: none; width: 100%;\" class=\"slide-728 ms-image \" aria-roledescription=\"slide\" data-date=\"2020-06-25 00:27:54\"><img loading=\"lazy\" decoding=\"async\" src=\"https:\/\/dresden-musikfilm.de\/wp-content\/uploads\/2020\/06\/slide04-200x112.png\" height=\"112\" width=\"200\" alt=\"\" class=\"slider-366 slide-728 msDefaultImage\" title=\"slide04\" \/><\/li>\n                <li style=\"display: none; width: 100%;\" class=\"slide-726 ms-image \" aria-roledescription=\"slide\" data-date=\"2020-06-25 00:27:54\"><img loading=\"lazy\" decoding=\"async\" src=\"https:\/\/dresden-musikfilm.de\/wp-content\/uploads\/2020\/06\/slide06-200x112.png\" height=\"112\" width=\"200\" alt=\"\" class=\"slider-366 slide-726 msDefaultImage\" title=\"slide06\" \/><\/li>\n                <li style=\"display: none; width: 100%;\" class=\"slide-724 ms-image \" aria-roledescription=\"slide\" data-date=\"2020-06-25 00:27:54\"><img loading=\"lazy\" decoding=\"async\" src=\"https:\/\/dresden-musikfilm.de\/wp-content\/uploads\/2020\/06\/slide08-200x112.png\" height=\"112\" width=\"200\" alt=\"\" class=\"slider-366 slide-724 msDefaultImage\" title=\"slide08\" \/><\/li>\n                <li style=\"display: none; width: 100%;\" class=\"slide-709 ms-image \" aria-roledescription=\"slide\" data-date=\"2020-06-25 00:27:54\"><img loading=\"lazy\" decoding=\"async\" src=\"https:\/\/dresden-musikfilm.de\/wp-content\/uploads\/2020\/06\/slide23-200x112.png\" height=\"112\" width=\"200\" alt=\"\" class=\"slider-366 slide-709 msDefaultImage\" title=\"slide23\" \/><\/li>\n                <li style=\"display: none; width: 100%;\" class=\"slide-731 ms-image \" aria-roledescription=\"slide\" data-date=\"2020-06-25 00:27:55\"><img loading=\"lazy\" decoding=\"async\" src=\"https:\/\/dresden-musikfilm.de\/wp-content\/uploads\/2020\/06\/slide01-200x112.png\" height=\"112\" width=\"200\" alt=\"\" class=\"slider-366 slide-731 msDefaultImage\" title=\"slide01\" \/><\/li>\n                <li style=\"display: none; width: 100%;\" class=\"slide-710 ms-image \" aria-roledescription=\"slide\" data-date=\"2020-06-25 00:27:54\"><img loading=\"lazy\" decoding=\"async\" src=\"https:\/\/dresden-musikfilm.de\/wp-content\/uploads\/2020\/06\/slide22-200x112.png\" height=\"112\" width=\"200\" alt=\"\" class=\"slider-366 slide-710 msDefaultImage\" title=\"slide22\" \/><\/li>\n                <li style=\"display: none; width: 100%;\" class=\"slide-727 ms-image \" aria-roledescription=\"slide\" data-date=\"2020-06-25 00:27:54\"><img loading=\"lazy\" decoding=\"async\" src=\"https:\/\/dresden-musikfilm.de\/wp-content\/uploads\/2020\/06\/slide05-200x112.png\" height=\"112\" width=\"200\" alt=\"\" class=\"slider-366 slide-727 msDefaultImage\" title=\"slide05\" \/><\/li>\n                <li style=\"display: none; width: 100%;\" class=\"slide-706 ms-image \" aria-roledescription=\"slide\" data-date=\"2020-06-25 00:27:54\"><img loading=\"lazy\" decoding=\"async\" src=\"https:\/\/dresden-musikfilm.de\/wp-content\/uploads\/2020\/06\/Slide26-200x112.png\" height=\"112\" width=\"200\" alt=\"\" class=\"slider-366 slide-706 msDefaultImage\" title=\"Slide26\" \/><\/li>\n                <li style=\"display: none; width: 100%;\" class=\"slide-729 ms-image \" aria-roledescription=\"slide\" data-date=\"2020-06-25 00:27:54\"><img loading=\"lazy\" decoding=\"async\" src=\"https:\/\/dresden-musikfilm.de\/wp-content\/uploads\/2020\/06\/slide03-200x112.png\" height=\"112\" width=\"200\" alt=\"\" class=\"slider-366 slide-729 msDefaultImage\" title=\"slide03\" \/><\/li>\n                <li style=\"display: none; width: 100%;\" class=\"slide-714 ms-image \" aria-roledescription=\"slide\" data-date=\"2020-06-25 00:27:54\"><img loading=\"lazy\" decoding=\"async\" src=\"https:\/\/dresden-musikfilm.de\/wp-content\/uploads\/2020\/06\/slide18-200x112.png\" height=\"112\" width=\"200\" alt=\"\" class=\"slider-366 slide-714 msDefaultImage\" title=\"slide18\" \/><\/li>\n                <li style=\"display: none; width: 100%;\" class=\"slide-719 ms-image \" aria-roledescription=\"slide\" data-date=\"2020-06-25 00:27:54\"><img loading=\"lazy\" decoding=\"async\" src=\"https:\/\/dresden-musikfilm.de\/wp-content\/uploads\/2020\/06\/slide13-200x112.png\" height=\"112\" width=\"200\" alt=\"\" class=\"slider-366 slide-719 msDefaultImage\" title=\"slide13\" \/><\/li>\n                <li style=\"display: none; width: 100%;\" class=\"slide-715 ms-image \" aria-roledescription=\"slide\" data-date=\"2020-06-25 00:27:54\"><img loading=\"lazy\" decoding=\"async\" src=\"https:\/\/dresden-musikfilm.de\/wp-content\/uploads\/2020\/06\/slide17-200x112.png\" height=\"112\" width=\"200\" alt=\"\" class=\"slider-366 slide-715 msDefaultImage\" title=\"slide17\" \/><\/li>\n                <li style=\"display: none; width: 100%;\" class=\"slide-708 ms-image \" aria-roledescription=\"slide\" data-date=\"2020-06-25 00:27:54\"><img loading=\"lazy\" decoding=\"async\" src=\"https:\/\/dresden-musikfilm.de\/wp-content\/uploads\/2020\/06\/Slide24-200x112.png\" height=\"112\" width=\"200\" alt=\"\" class=\"slider-366 slide-708 msDefaultImage\" title=\"Slide24\" \/><\/li>\n                <li style=\"display: none; width: 100%;\" class=\"slide-730 ms-image \" aria-roledescription=\"slide\" data-date=\"2020-06-25 00:27:55\"><img loading=\"lazy\" decoding=\"async\" src=\"https:\/\/dresden-musikfilm.de\/wp-content\/uploads\/2020\/06\/slide02-200x112.png\" height=\"112\" width=\"200\" alt=\"\" class=\"slider-366 slide-730 msDefaultImage\" title=\"slide02\" \/><\/li>\n                <li style=\"display: none; width: 100%;\" class=\"slide-718 ms-image \" aria-roledescription=\"slide\" data-date=\"2020-06-25 00:27:54\"><img loading=\"lazy\" decoding=\"async\" src=\"https:\/\/dresden-musikfilm.de\/wp-content\/uploads\/2020\/06\/slide14-200x112.png\" height=\"112\" width=\"200\" alt=\"\" class=\"slider-366 slide-718 msDefaultImage\" title=\"slide14\" \/><\/li>\n                <li style=\"display: none; width: 100%;\" class=\"slide-711 ms-image \" aria-roledescription=\"slide\" data-date=\"2020-06-25 00:27:54\"><img loading=\"lazy\" decoding=\"async\" src=\"https:\/\/dresden-musikfilm.de\/wp-content\/uploads\/2020\/06\/slide21-200x112.png\" height=\"112\" width=\"200\" alt=\"\" class=\"slider-366 slide-711 msDefaultImage\" title=\"slide21\" \/><\/li>\n                <li style=\"display: none; width: 100%;\" class=\"slide-713 ms-image \" aria-roledescription=\"slide\" data-date=\"2020-06-25 00:27:54\"><img loading=\"lazy\" decoding=\"async\" src=\"https:\/\/dresden-musikfilm.de\/wp-content\/uploads\/2020\/06\/slide19-200x112.png\" height=\"112\" width=\"200\" alt=\"\" class=\"slider-366 slide-713 msDefaultImage\" title=\"slide19\" \/><\/li>\n                <li style=\"display: none; width: 100%;\" class=\"slide-725 ms-image \" aria-roledescription=\"slide\" data-date=\"2020-06-25 00:27:54\"><img loading=\"lazy\" decoding=\"async\" src=\"https:\/\/dresden-musikfilm.de\/wp-content\/uploads\/2020\/06\/slide07-200x112.png\" height=\"112\" width=\"200\" alt=\"\" class=\"slider-366 slide-725 msDefaultImage\" title=\"slide07\" \/><\/li>\n                <li style=\"display: none; width: 100%;\" class=\"slide-717 ms-image \" aria-roledescription=\"slide\" data-date=\"2020-06-25 00:27:54\"><img loading=\"lazy\" decoding=\"async\" src=\"https:\/\/dresden-musikfilm.de\/wp-content\/uploads\/2020\/06\/slide15-200x112.png\" height=\"112\" width=\"200\" alt=\"\" class=\"slider-366 slide-717 msDefaultImage\" title=\"slide15\" \/><\/li>\n            <\/ul>\n        <\/div>\n        \n    <\/div>\n<\/div><\/div>\n\n\n\n<hr class=\"wp-block-separator\"\/>\n\n\n\n<h3 class=\"wp-block-heading\">Kontaktinformationen:<\/h3>\n\n\n\n<p>Wenn Sie Fragen haben oder mehr \u00fcber Dresden Musikfilm erfahren m\u00f6chten, z\u00f6gern Sie nicht und eine Email zu schreiben.<\/p>\n\n\n\n<p>Unter kontakt@dresden-musikfilm.de erreichen Sie uns.<\/p>\n","protected":false},"excerpt":{"rendered":"<p>Kontaktinformationen: Wenn Sie Fragen haben oder mehr \u00fcber Dresden Musikfilm erfahren m\u00f6chten, z\u00f6gern Sie nicht und eine Email zu schreiben. Unter kontakt@dresden-musikfilm.de erreichen Sie uns.<\/p>\n","protected":false},"author":1,"featured_media":0,"parent":0,"menu_order":0,"comment_status":"closed","ping_status":"closed","template":"","meta":{"site-sidebar-layout":"default","site-content-layout":"default","ast-global-header-display":"","ast-main-header-display":"","ast-hfb-above-header-display":"","ast-hfb-below-header-display":"","ast-hfb-mobile-header-display":"","site-post-title":"","ast-breadcrumbs-content":"","ast-featured-img":"","footer-sml-layout":"","theme-transparent-header-meta":"default","adv-header-id-meta":"","stick-header-meta":"","header-above-stick-meta":"","header-main-stick-meta":"","header-below-stick-meta":"","footnotes":""},"class_list":["post-18","page","type-page","status-publish","hentry"],"_links":{"self":[{"href":"https:\/\/dresden-musikfilm.de\/index.php?rest_route=\/wp\/v2\/pages\/18","targetHints":{"allow":["GET"]}}],"collection":[{"href":"https:\/\/dresden-musikfilm.de\/index.php?rest_route=\/wp\/v2\/pages"}],"about":[{"href":"https:\/\/dresden-musikfilm.de\/index.php?rest_route=\/wp\/v2\/types\/page"}],"author":[{"embeddable":true,"href":"https:\/\/dresden-musikfilm.de\/index.php?rest_route=\/wp\/v2\/users\/1"}],"replies":[{"embeddable":true,"href":"https:\/\/dresden-musikfilm.de\/index.php?rest_route=%2Fwp%2Fv2%2Fcomments&post=18"}],"version-history":[{"count":2,"href":"https:\/\/dresden-musikfilm.de\/index.php?rest_route=\/wp\/v2\/pages\/18\/revisions"}],"predecessor-version":[{"id":419,"href":"https:\/\/dresden-musikfilm.de\/index.php?rest_route=\/wp\/v2\/pages\/18\/revisions\/419"}],"wp:attachment":[{"href":"https:\/\/dresden-musikfilm.de\/index.php?rest_route=%2Fwp%2Fv2%2Fmedia&parent=18"}],"curies":[{"name":"wp","href":"https:\/\/api.w.org\/{rel}","templated":true}]}}