{"id":19,"date":"2020-06-07T23:44:05","date_gmt":"2020-06-07T21:44:05","guid":{"rendered":"https:\/\/test.dresden-musikfilm.de\/?page_id=19"},"modified":"2020-06-11T20:37:09","modified_gmt":"2020-06-11T18:37:09","slug":"impressum","status":"publish","type":"page","link":"https:\/\/dresden-musikfilm.de\/?page_id=19","title":{"rendered":"Impressum"},"content":{"rendered":"\n<div class=\"alignnormal\"><div id=\"metaslider-id-366\" style=\"max-width: 200px; margin: 0 auto;\" class=\"ml-slider-3-100-1 metaslider metaslider-flex metaslider-366 ml-slider ms-theme-default nav-hidden\" role=\"region\" aria-label=\"dmf_slide_01\" data-height=\"112\" data-width=\"200\">\n    <div id=\"metaslider_container_366\">\n        <div id=\"metaslider_366\">\n            <ul class='slides'>\n                <li style=\"display: block; width: 100%;\" class=\"slide-717 ms-image \" aria-roledescription=\"slide\" data-date=\"2020-06-25 00:27:54\"><img loading=\"lazy\" decoding=\"async\" src=\"https:\/\/dresden-musikfilm.de\/wp-content\/uploads\/2020\/06\/slide15-200x112.png\" height=\"112\" width=\"200\" alt=\"\" class=\"slider-366 slide-717 msDefaultImage\" title=\"slide15\" \/><\/li>\n                <li style=\"display: none; width: 100%;\" class=\"slide-725 ms-image \" aria-roledescription=\"slide\" data-date=\"2020-06-25 00:27:54\"><img loading=\"lazy\" decoding=\"async\" src=\"https:\/\/dresden-musikfilm.de\/wp-content\/uploads\/2020\/06\/slide07-200x112.png\" height=\"112\" width=\"200\" alt=\"\" class=\"slider-366 slide-725 msDefaultImage\" title=\"slide07\" \/><\/li>\n                <li style=\"display: none; width: 100%;\" class=\"slide-729 ms-image \" aria-roledescription=\"slide\" data-date=\"2020-06-25 00:27:54\"><img loading=\"lazy\" decoding=\"async\" src=\"https:\/\/dresden-musikfilm.de\/wp-content\/uploads\/2020\/06\/slide03-200x112.png\" height=\"112\" width=\"200\" alt=\"\" class=\"slider-366 slide-729 msDefaultImage\" title=\"slide03\" \/><\/li>\n                <li style=\"display: none; width: 100%;\" class=\"slide-718 ms-image \" aria-roledescription=\"slide\" data-date=\"2020-06-25 00:27:54\"><img loading=\"lazy\" decoding=\"async\" src=\"https:\/\/dresden-musikfilm.de\/wp-content\/uploads\/2020\/06\/slide14-200x112.png\" height=\"112\" width=\"200\" alt=\"\" class=\"slider-366 slide-718 msDefaultImage\" title=\"slide14\" \/><\/li>\n                <li style=\"display: none; width: 100%;\" class=\"slide-719 ms-image \" aria-roledescription=\"slide\" data-date=\"2020-06-25 00:27:54\"><img loading=\"lazy\" decoding=\"async\" src=\"https:\/\/dresden-musikfilm.de\/wp-content\/uploads\/2020\/06\/slide13-200x112.png\" height=\"112\" width=\"200\" alt=\"\" class=\"slider-366 slide-719 msDefaultImage\" title=\"slide13\" \/><\/li>\n                <li style=\"display: none; width: 100%;\" class=\"slide-722 ms-image \" aria-roledescription=\"slide\" data-date=\"2020-06-25 00:27:54\"><img loading=\"lazy\" decoding=\"async\" src=\"https:\/\/dresden-musikfilm.de\/wp-content\/uploads\/2020\/06\/slide10-200x112.png\" height=\"112\" width=\"200\" alt=\"\" class=\"slider-366 slide-722 msDefaultImage\" title=\"slide10\" \/><\/li>\n                <li style=\"display: none; width: 100%;\" class=\"slide-710 ms-image \" aria-roledescription=\"slide\" data-date=\"2020-06-25 00:27:54\"><img loading=\"lazy\" decoding=\"async\" src=\"https:\/\/dresden-musikfilm.de\/wp-content\/uploads\/2020\/06\/slide22-200x112.png\" height=\"112\" width=\"200\" alt=\"\" class=\"slider-366 slide-710 msDefaultImage\" title=\"slide22\" \/><\/li>\n                <li style=\"display: none; width: 100%;\" class=\"slide-712 ms-image \" aria-roledescription=\"slide\" data-date=\"2020-06-25 00:27:54\"><img loading=\"lazy\" decoding=\"async\" src=\"https:\/\/dresden-musikfilm.de\/wp-content\/uploads\/2020\/06\/slide20-200x112.png\" height=\"112\" width=\"200\" alt=\"\" class=\"slider-366 slide-712 msDefaultImage\" title=\"slide20\" \/><\/li>\n                <li style=\"display: none; width: 100%;\" class=\"slide-705 ms-image \" aria-roledescription=\"slide\" data-date=\"2020-06-25 00:27:54\"><img loading=\"lazy\" decoding=\"async\" src=\"https:\/\/dresden-musikfilm.de\/wp-content\/uploads\/2020\/06\/Slide27-200x112.png\" height=\"112\" width=\"200\" alt=\"\" class=\"slider-366 slide-705 msDefaultImage\" title=\"Slide27\" \/><\/li>\n                <li style=\"display: none; width: 100%;\" class=\"slide-720 ms-image \" aria-roledescription=\"slide\" data-date=\"2020-06-25 00:27:54\"><img loading=\"lazy\" decoding=\"async\" src=\"https:\/\/dresden-musikfilm.de\/wp-content\/uploads\/2020\/06\/slide12-200x112.png\" height=\"112\" width=\"200\" alt=\"\" class=\"slider-366 slide-720 msDefaultImage\" title=\"slide12\" \/><\/li>\n                <li style=\"display: none; width: 100%;\" class=\"slide-714 ms-image \" aria-roledescription=\"slide\" data-date=\"2020-06-25 00:27:54\"><img loading=\"lazy\" decoding=\"async\" src=\"https:\/\/dresden-musikfilm.de\/wp-content\/uploads\/2020\/06\/slide18-200x112.png\" height=\"112\" width=\"200\" alt=\"\" class=\"slider-366 slide-714 msDefaultImage\" title=\"slide18\" \/><\/li>\n                <li style=\"display: none; width: 100%;\" class=\"slide-716 ms-image \" aria-roledescription=\"slide\" data-date=\"2020-06-25 00:27:54\"><img loading=\"lazy\" decoding=\"async\" src=\"https:\/\/dresden-musikfilm.de\/wp-content\/uploads\/2020\/06\/slide16-200x112.png\" height=\"112\" width=\"200\" alt=\"\" class=\"slider-366 slide-716 msDefaultImage\" title=\"slide16\" \/><\/li>\n                <li style=\"display: none; width: 100%;\" class=\"slide-727 ms-image \" aria-roledescription=\"slide\" data-date=\"2020-06-25 00:27:54\"><img loading=\"lazy\" decoding=\"async\" src=\"https:\/\/dresden-musikfilm.de\/wp-content\/uploads\/2020\/06\/slide05-200x112.png\" height=\"112\" width=\"200\" alt=\"\" class=\"slider-366 slide-727 msDefaultImage\" title=\"slide05\" \/><\/li>\n                <li style=\"display: none; width: 100%;\" class=\"slide-713 ms-image \" aria-roledescription=\"slide\" data-date=\"2020-06-25 00:27:54\"><img loading=\"lazy\" decoding=\"async\" src=\"https:\/\/dresden-musikfilm.de\/wp-content\/uploads\/2020\/06\/slide19-200x112.png\" height=\"112\" width=\"200\" alt=\"\" class=\"slider-366 slide-713 msDefaultImage\" title=\"slide19\" \/><\/li>\n                <li style=\"display: none; width: 100%;\" class=\"slide-707 ms-image \" aria-roledescription=\"slide\" data-date=\"2020-06-25 00:27:54\"><img loading=\"lazy\" decoding=\"async\" src=\"https:\/\/dresden-musikfilm.de\/wp-content\/uploads\/2020\/06\/Slide25-200x112.png\" height=\"112\" width=\"200\" alt=\"\" class=\"slider-366 slide-707 msDefaultImage\" title=\"Slide25\" \/><\/li>\n                <li style=\"display: none; width: 100%;\" class=\"slide-731 ms-image \" aria-roledescription=\"slide\" data-date=\"2020-06-25 00:27:55\"><img loading=\"lazy\" decoding=\"async\" src=\"https:\/\/dresden-musikfilm.de\/wp-content\/uploads\/2020\/06\/slide01-200x112.png\" height=\"112\" width=\"200\" alt=\"\" class=\"slider-366 slide-731 msDefaultImage\" title=\"slide01\" \/><\/li>\n                <li style=\"display: none; width: 100%;\" class=\"slide-708 ms-image \" aria-roledescription=\"slide\" data-date=\"2020-06-25 00:27:54\"><img loading=\"lazy\" decoding=\"async\" src=\"https:\/\/dresden-musikfilm.de\/wp-content\/uploads\/2020\/06\/Slide24-200x112.png\" height=\"112\" width=\"200\" alt=\"\" class=\"slider-366 slide-708 msDefaultImage\" title=\"Slide24\" \/><\/li>\n                <li style=\"display: none; width: 100%;\" class=\"slide-730 ms-image \" aria-roledescription=\"slide\" data-date=\"2020-06-25 00:27:55\"><img loading=\"lazy\" decoding=\"async\" src=\"https:\/\/dresden-musikfilm.de\/wp-content\/uploads\/2020\/06\/slide02-200x112.png\" height=\"112\" width=\"200\" alt=\"\" class=\"slider-366 slide-730 msDefaultImage\" title=\"slide02\" \/><\/li>\n                <li style=\"display: none; width: 100%;\" class=\"slide-711 ms-image \" aria-roledescription=\"slide\" data-date=\"2020-06-25 00:27:54\"><img loading=\"lazy\" decoding=\"async\" src=\"https:\/\/dresden-musikfilm.de\/wp-content\/uploads\/2020\/06\/slide21-200x112.png\" height=\"112\" width=\"200\" alt=\"\" class=\"slider-366 slide-711 msDefaultImage\" title=\"slide21\" \/><\/li>\n                <li style=\"display: none; width: 100%;\" class=\"slide-726 ms-image \" aria-roledescription=\"slide\" data-date=\"2020-06-25 00:27:54\"><img loading=\"lazy\" decoding=\"async\" src=\"https:\/\/dresden-musikfilm.de\/wp-content\/uploads\/2020\/06\/slide06-200x112.png\" height=\"112\" width=\"200\" alt=\"\" class=\"slider-366 slide-726 msDefaultImage\" title=\"slide06\" \/><\/li>\n                <li style=\"display: none; width: 100%;\" class=\"slide-721 ms-image \" aria-roledescription=\"slide\" data-date=\"2020-06-25 00:27:54\"><img loading=\"lazy\" decoding=\"async\" src=\"https:\/\/dresden-musikfilm.de\/wp-content\/uploads\/2020\/06\/slide11-200x112.png\" height=\"112\" width=\"200\" alt=\"\" class=\"slider-366 slide-721 msDefaultImage\" title=\"slide11\" \/><\/li>\n                <li style=\"display: none; width: 100%;\" class=\"slide-709 ms-image \" aria-roledescription=\"slide\" data-date=\"2020-06-25 00:27:54\"><img loading=\"lazy\" decoding=\"async\" src=\"https:\/\/dresden-musikfilm.de\/wp-content\/uploads\/2020\/06\/slide23-200x112.png\" height=\"112\" width=\"200\" alt=\"\" class=\"slider-366 slide-709 msDefaultImage\" title=\"slide23\" \/><\/li>\n                <li style=\"display: none; width: 100%;\" class=\"slide-724 ms-image \" aria-roledescription=\"slide\" data-date=\"2020-06-25 00:27:54\"><img loading=\"lazy\" decoding=\"async\" src=\"https:\/\/dresden-musikfilm.de\/wp-content\/uploads\/2020\/06\/slide08-200x112.png\" height=\"112\" width=\"200\" alt=\"\" class=\"slider-366 slide-724 msDefaultImage\" title=\"slide08\" \/><\/li>\n                <li style=\"display: none; width: 100%;\" class=\"slide-715 ms-image \" aria-roledescription=\"slide\" data-date=\"2020-06-25 00:27:54\"><img loading=\"lazy\" decoding=\"async\" src=\"https:\/\/dresden-musikfilm.de\/wp-content\/uploads\/2020\/06\/slide17-200x112.png\" height=\"112\" width=\"200\" alt=\"\" class=\"slider-366 slide-715 msDefaultImage\" title=\"slide17\" \/><\/li>\n                <li style=\"display: none; width: 100%;\" class=\"slide-728 ms-image \" aria-roledescription=\"slide\" data-date=\"2020-06-25 00:27:54\"><img loading=\"lazy\" decoding=\"async\" src=\"https:\/\/dresden-musikfilm.de\/wp-content\/uploads\/2020\/06\/slide04-200x112.png\" height=\"112\" width=\"200\" alt=\"\" class=\"slider-366 slide-728 msDefaultImage\" title=\"slide04\" \/><\/li>\n                <li style=\"display: none; width: 100%;\" class=\"slide-723 ms-image \" aria-roledescription=\"slide\" data-date=\"2020-06-25 00:27:54\"><img loading=\"lazy\" decoding=\"async\" src=\"https:\/\/dresden-musikfilm.de\/wp-content\/uploads\/2020\/06\/slide09-200x112.png\" height=\"112\" width=\"200\" alt=\"\" class=\"slider-366 slide-723 msDefaultImage\" title=\"slide09\" \/><\/li>\n                <li style=\"display: none; width: 100%;\" class=\"slide-706 ms-image \" aria-roledescription=\"slide\" data-date=\"2020-06-25 00:27:54\"><img loading=\"lazy\" decoding=\"async\" src=\"https:\/\/dresden-musikfilm.de\/wp-content\/uploads\/2020\/06\/Slide26-200x112.png\" height=\"112\" width=\"200\" alt=\"\" class=\"slider-366 slide-706 msDefaultImage\" title=\"Slide26\" \/><\/li>\n            <\/ul>\n        <\/div>\n        \n    <\/div>\n<\/div><\/div>\n\n\n\n<p><\/p>\n\n\n\n<hr class=\"wp-block-separator has-text-color has-background has-vivid-red-background-color has-vivid-red-color is-style-wide\"\/>\n\n\n\n<h3 class=\"wp-block-heading\"><strong>Verantwortlich f\u00fcr den Inhalt dieser Webseite:<\/strong><\/h3>\n\n\n\n<p>Andreas Lorenz<br>Lerchenweg 19<br>01454 Grosserkmannsdorf<\/p>\n\n\n\n<p>und<\/p>\n\n\n\n<p>Uwe Lorenz<br>Leipziger Stra\u00dfe 60<br>01127 Dresden<\/p>\n\n\n\n<p><a href=\"mailto:kontakt@dresden-musikfilm.de\">kontakt@dresden-musikfilm.de<\/a><br><a href=\"https:\/\/dmf.tonemonk.info\">www.dresden-musikfilm.de<\/a><\/p>\n\n\n\n<hr class=\"wp-block-separator has-text-color has-background has-vivid-red-background-color has-vivid-red-color is-style-wide\"\/>\n\n\n\n<p><strong>Impressum<\/strong><br><strong>Angaben gem\u00e4\u00df \u00a7 5 TMG<\/strong><\/p>\n\n\n\n<p>Uwe Lorenz<br>Leipziger Stra\u00dfe 60<br>01127 Dresden<\/p>\n\n\n\n<p>Kontakt<br>Telefon: +49 (0) 351 21937709<br>Telefax: 03212-1098649<br>E-Mail: kontakt@dresden-musikfilm.de<\/p>\n\n\n\n<p><strong>Haftung f\u00fcr Inhalte<\/strong><\/p>\n\n\n\n<p>Als Diensteanbieter sind wir gem\u00e4\u00df \u00a7 7 Abs.1 TMG f\u00fcr eigene Inhalte auf&nbsp; diesen Seiten nach den allgemeinen Gesetzen verantwortlich. Nach \u00a7\u00a7 8 bis 10 TMG sind wir als Diensteanbieter jedoch nicht verpflichtet, \u00fcbermittelte oder gespeicherte fremde Informationen zu \u00fcberwachen oder nach Umst\u00e4nden zu<br>forschen, die auf eine rechtswidrige T\u00e4tigkeit hinweisen.<br>Verpflichtungen zur Entfernung oder Sperrung der Nutzung von Informationen nach den allgemeinen Gesetzen bleiben hiervon unber\u00fchrt. Eine diesbez\u00fcgliche Haftung ist jedoch erst ab dem Zeitpunkt der Kenntnis einer konkreten Rechtsverletzung m\u00f6glich. Bei Bekanntwerden von entsprechenden Rechtsverletzungen werden wir diese Inhalte umgehend entfernen.<\/p>\n\n\n\n<p><strong>Haftung f\u00fcr Links<\/strong><\/p>\n\n\n\n<p>Unser Angebot enth\u00e4lt Links zu externen Websites Dritter, auf deren Inhalte wir keinen Einfluss haben.<br>Deshalb k\u00f6nnen wir f\u00fcr diese fremden Inhalte auch keine Gew\u00e4hr \u00fcbernehmen. F\u00fcr die Inhalte der verlinkten Seiten ist stets der jeweilige Anbieter oder Betreiber der Seiten verantwortlich. Die verlinkten Seiten wurden zum Zeitpunkt der Verlinkung auf m\u00f6gliche Rechtsverst\u00f6\u00dfe \u00fcberpr\u00fcft. Rechtswidrige Inhalte waren zum Zeitpunkt der Verlinkung nicht erkennbar.<br>Eine permanente inhaltliche Kontrolle der verlinkten Seiten ist jedoch ohne konkrete Anhaltspunkte einer Rechtsverletzung nicht zumutbar. Bei Bekanntwerden von Rechtsverletzungen werden wir derartige Links umgehend entfernen.<\/p>\n\n\n\n<p><strong>Urheberrecht<\/strong><\/p>\n\n\n\n<p>Die durch die Seitenbetreiber erstellten Inhalte und Werke auf diesen Seiten unterliegen dem deutschen Urheberrecht. Die Vervielf\u00e4ltigung, Bearbeitung, Verbreitung und jede Art der Verwertung au\u00dferhalb der Grenzen des Urheberrechtes bed\u00fcrfen der schriftlichen Zustimmung des jeweiligen Autors bzw. Erstellers.<br>Downloads und Kopien dieser Seite sind nur f\u00fcr den privaten, nicht kommerziellen Gebrauch gestattet.<br>Soweit die Inhalte auf dieser Seite nicht vom Betreiber erstellt wurden, werden die Urheberrechte Dritter beachtet. Insbesondere werden Inhalte Dritter als solche gekennzeichnet. Sollten Sie trotzdem auf eine Urheberrechtsverletzung aufmerksam werden, bitten wir um einen entsprechenden Hinweis. Bei Bekanntwerden von Rechtsverletzungen werden wir derartige Inhalte umgehend entfernen.<\/p>\n\n\n\n<p>Quelle: httpss:\/\/www.e-recht24.de\/impressum-generator.html<\/p>\n\n\n\n<hr class=\"wp-block-separator has-text-color has-background has-vivid-red-background-color has-vivid-red-color is-style-wide\"\/>\n","protected":false},"excerpt":{"rendered":"<p>Verantwortlich f\u00fcr den Inhalt dieser Webseite: Andreas LorenzLerchenweg 1901454 Grosserkmannsdorf und Uwe LorenzLeipziger Stra\u00dfe 6001127 Dresden kontakt@dresden-musikfilm.dewww.dresden-musikfilm.de ImpressumAngaben gem\u00e4\u00df \u00a7 5 TMG Uwe LorenzLeipziger Stra\u00dfe 6001127 Dresden KontaktTelefon: +49 (0) 351 21937709Telefax: 03212-1098649E-Mail: kontakt@dresden-musikfilm.de Haftung f\u00fcr Inhalte Als Diensteanbieter sind wir gem\u00e4\u00df \u00a7 7 Abs.1 TMG f\u00fcr eigene Inhalte auf&nbsp; diesen Seiten nach den allgemeinen &hellip;<\/p>\n<p class=\"read-more\"> <a class=\"\" href=\"https:\/\/dresden-musikfilm.de\/?page_id=19\"> <span class=\"screen-reader-text\">Impressum<\/span> Weiterlesen &raquo;<\/a><\/p>\n","protected":false},"author":1,"featured_media":0,"parent":0,"menu_order":0,"comment_status":"closed","ping_status":"closed","template":"","meta":{"site-sidebar-layout":"default","site-content-layout":"default","ast-global-header-display":"","ast-main-header-display":"","ast-hfb-above-header-display":"","ast-hfb-below-header-display":"","ast-hfb-mobile-header-display":"","site-post-title":"disabled","ast-breadcrumbs-content":"","ast-featured-img":"","footer-sml-layout":"","theme-transparent-header-meta":"default","adv-header-id-meta":"","stick-header-meta":"","header-above-stick-meta":"","header-main-stick-meta":"","header-below-stick-meta":"","footnotes":""},"class_list":["post-19","page","type-page","status-publish","hentry"],"_links":{"self":[{"href":"https:\/\/dresden-musikfilm.de\/index.php?rest_route=\/wp\/v2\/pages\/19","targetHints":{"allow":["GET"]}}],"collection":[{"href":"https:\/\/dresden-musikfilm.de\/index.php?rest_route=\/wp\/v2\/pages"}],"about":[{"href":"https:\/\/dresden-musikfilm.de\/index.php?rest_route=\/wp\/v2\/types\/page"}],"author":[{"embeddable":true,"href":"https:\/\/dresden-musikfilm.de\/index.php?rest_route=\/wp\/v2\/users\/1"}],"replies":[{"embeddable":true,"href":"https:\/\/dresden-musikfilm.de\/index.php?rest_route=%2Fwp%2Fv2%2Fcomments&post=19"}],"version-history":[{"count":7,"href":"https:\/\/dresden-musikfilm.de\/index.php?rest_route=\/wp\/v2\/pages\/19\/revisions"}],"predecessor-version":[{"id":426,"href":"https:\/\/dresden-musikfilm.de\/index.php?rest_route=\/wp\/v2\/pages\/19\/revisions\/426"}],"wp:attachment":[{"href":"https:\/\/dresden-musikfilm.de\/index.php?rest_route=%2Fwp%2Fv2%2Fmedia&parent=19"}],"curies":[{"name":"wp","href":"https:\/\/api.w.org\/{rel}","templated":true}]}}