{"id":2,"date":"2020-06-07T22:48:55","date_gmt":"2020-06-07T22:48:55","guid":{"rendered":"http:\/\/test.dresden-musikfilm.de?page_id=2"},"modified":"2020-06-27T11:32:38","modified_gmt":"2020-06-27T09:32:38","slug":"beispiel-seite","status":"publish","type":"page","link":"https:\/\/dresden-musikfilm.de\/","title":{"rendered":"Dresden Musikfilm Home"},"content":{"rendered":"\n<h2 class=\"has-text-align-center wp-block-heading\"><strong>Herzlich Willkommen auf der Homepage von <\/strong><\/h2>\n\n\n\n<div class=\"alignnormal\"><div id=\"metaslider-id-366\" style=\"max-width: 200px; margin: 0 auto;\" class=\"ml-slider-3-100-1 metaslider metaslider-flex metaslider-366 ml-slider ms-theme-default nav-hidden\" role=\"region\" aria-label=\"dmf_slide_01\" data-height=\"112\" data-width=\"200\">\n    <div id=\"metaslider_container_366\">\n        <div id=\"metaslider_366\">\n            <ul class='slides'>\n                <li style=\"display: block; width: 100%;\" class=\"slide-716 ms-image \" aria-roledescription=\"slide\" data-date=\"2020-06-25 00:27:54\"><img loading=\"lazy\" decoding=\"async\" src=\"https:\/\/dresden-musikfilm.de\/wp-content\/uploads\/2020\/06\/slide16-200x112.png\" height=\"112\" width=\"200\" alt=\"\" class=\"slider-366 slide-716 msDefaultImage\" title=\"slide16\" \/><\/li>\n                <li style=\"display: none; width: 100%;\" class=\"slide-722 ms-image \" aria-roledescription=\"slide\" data-date=\"2020-06-25 00:27:54\"><img loading=\"lazy\" decoding=\"async\" src=\"https:\/\/dresden-musikfilm.de\/wp-content\/uploads\/2020\/06\/slide10-200x112.png\" height=\"112\" width=\"200\" alt=\"\" class=\"slider-366 slide-722 msDefaultImage\" title=\"slide10\" \/><\/li>\n                <li style=\"display: none; width: 100%;\" class=\"slide-713 ms-image \" aria-roledescription=\"slide\" data-date=\"2020-06-25 00:27:54\"><img loading=\"lazy\" decoding=\"async\" src=\"https:\/\/dresden-musikfilm.de\/wp-content\/uploads\/2020\/06\/slide19-200x112.png\" height=\"112\" width=\"200\" alt=\"\" class=\"slider-366 slide-713 msDefaultImage\" title=\"slide19\" \/><\/li>\n                <li style=\"display: none; width: 100%;\" class=\"slide-710 ms-image \" aria-roledescription=\"slide\" data-date=\"2020-06-25 00:27:54\"><img loading=\"lazy\" decoding=\"async\" src=\"https:\/\/dresden-musikfilm.de\/wp-content\/uploads\/2020\/06\/slide22-200x112.png\" height=\"112\" width=\"200\" alt=\"\" class=\"slider-366 slide-710 msDefaultImage\" title=\"slide22\" \/><\/li>\n                <li style=\"display: none; width: 100%;\" class=\"slide-717 ms-image \" aria-roledescription=\"slide\" data-date=\"2020-06-25 00:27:54\"><img loading=\"lazy\" decoding=\"async\" src=\"https:\/\/dresden-musikfilm.de\/wp-content\/uploads\/2020\/06\/slide15-200x112.png\" height=\"112\" width=\"200\" alt=\"\" class=\"slider-366 slide-717 msDefaultImage\" title=\"slide15\" \/><\/li>\n                <li style=\"display: none; width: 100%;\" class=\"slide-714 ms-image \" aria-roledescription=\"slide\" data-date=\"2020-06-25 00:27:54\"><img loading=\"lazy\" decoding=\"async\" src=\"https:\/\/dresden-musikfilm.de\/wp-content\/uploads\/2020\/06\/slide18-200x112.png\" height=\"112\" width=\"200\" alt=\"\" class=\"slider-366 slide-714 msDefaultImage\" title=\"slide18\" \/><\/li>\n                <li style=\"display: none; width: 100%;\" class=\"slide-728 ms-image \" aria-roledescription=\"slide\" data-date=\"2020-06-25 00:27:54\"><img loading=\"lazy\" decoding=\"async\" src=\"https:\/\/dresden-musikfilm.de\/wp-content\/uploads\/2020\/06\/slide04-200x112.png\" height=\"112\" width=\"200\" alt=\"\" class=\"slider-366 slide-728 msDefaultImage\" title=\"slide04\" \/><\/li>\n                <li style=\"display: none; width: 100%;\" class=\"slide-718 ms-image \" aria-roledescription=\"slide\" data-date=\"2020-06-25 00:27:54\"><img loading=\"lazy\" decoding=\"async\" src=\"https:\/\/dresden-musikfilm.de\/wp-content\/uploads\/2020\/06\/slide14-200x112.png\" height=\"112\" width=\"200\" alt=\"\" class=\"slider-366 slide-718 msDefaultImage\" title=\"slide14\" \/><\/li>\n                <li style=\"display: none; width: 100%;\" class=\"slide-711 ms-image \" aria-roledescription=\"slide\" data-date=\"2020-06-25 00:27:54\"><img loading=\"lazy\" decoding=\"async\" src=\"https:\/\/dresden-musikfilm.de\/wp-content\/uploads\/2020\/06\/slide21-200x112.png\" height=\"112\" width=\"200\" alt=\"\" class=\"slider-366 slide-711 msDefaultImage\" title=\"slide21\" \/><\/li>\n                <li style=\"display: none; width: 100%;\" class=\"slide-724 ms-image \" aria-roledescription=\"slide\" data-date=\"2020-06-25 00:27:54\"><img loading=\"lazy\" decoding=\"async\" src=\"https:\/\/dresden-musikfilm.de\/wp-content\/uploads\/2020\/06\/slide08-200x112.png\" height=\"112\" width=\"200\" alt=\"\" class=\"slider-366 slide-724 msDefaultImage\" title=\"slide08\" \/><\/li>\n                <li style=\"display: none; width: 100%;\" class=\"slide-723 ms-image \" aria-roledescription=\"slide\" data-date=\"2020-06-25 00:27:54\"><img loading=\"lazy\" decoding=\"async\" src=\"https:\/\/dresden-musikfilm.de\/wp-content\/uploads\/2020\/06\/slide09-200x112.png\" height=\"112\" width=\"200\" alt=\"\" class=\"slider-366 slide-723 msDefaultImage\" title=\"slide09\" \/><\/li>\n                <li style=\"display: none; width: 100%;\" class=\"slide-725 ms-image \" aria-roledescription=\"slide\" data-date=\"2020-06-25 00:27:54\"><img loading=\"lazy\" decoding=\"async\" src=\"https:\/\/dresden-musikfilm.de\/wp-content\/uploads\/2020\/06\/slide07-200x112.png\" height=\"112\" width=\"200\" alt=\"\" class=\"slider-366 slide-725 msDefaultImage\" title=\"slide07\" \/><\/li>\n                <li style=\"display: none; width: 100%;\" class=\"slide-729 ms-image \" aria-roledescription=\"slide\" data-date=\"2020-06-25 00:27:54\"><img loading=\"lazy\" decoding=\"async\" src=\"https:\/\/dresden-musikfilm.de\/wp-content\/uploads\/2020\/06\/slide03-200x112.png\" height=\"112\" width=\"200\" alt=\"\" class=\"slider-366 slide-729 msDefaultImage\" title=\"slide03\" \/><\/li>\n                <li style=\"display: none; width: 100%;\" class=\"slide-726 ms-image \" aria-roledescription=\"slide\" data-date=\"2020-06-25 00:27:54\"><img loading=\"lazy\" decoding=\"async\" src=\"https:\/\/dresden-musikfilm.de\/wp-content\/uploads\/2020\/06\/slide06-200x112.png\" height=\"112\" width=\"200\" alt=\"\" class=\"slider-366 slide-726 msDefaultImage\" title=\"slide06\" \/><\/li>\n                <li style=\"display: none; width: 100%;\" class=\"slide-721 ms-image \" aria-roledescription=\"slide\" data-date=\"2020-06-25 00:27:54\"><img loading=\"lazy\" decoding=\"async\" src=\"https:\/\/dresden-musikfilm.de\/wp-content\/uploads\/2020\/06\/slide11-200x112.png\" height=\"112\" width=\"200\" alt=\"\" class=\"slider-366 slide-721 msDefaultImage\" title=\"slide11\" \/><\/li>\n                <li style=\"display: none; width: 100%;\" class=\"slide-706 ms-image \" aria-roledescription=\"slide\" data-date=\"2020-06-25 00:27:54\"><img loading=\"lazy\" decoding=\"async\" src=\"https:\/\/dresden-musikfilm.de\/wp-content\/uploads\/2020\/06\/Slide26-200x112.png\" height=\"112\" width=\"200\" alt=\"\" class=\"slider-366 slide-706 msDefaultImage\" title=\"Slide26\" \/><\/li>\n                <li style=\"display: none; width: 100%;\" class=\"slide-709 ms-image \" aria-roledescription=\"slide\" data-date=\"2020-06-25 00:27:54\"><img loading=\"lazy\" decoding=\"async\" src=\"https:\/\/dresden-musikfilm.de\/wp-content\/uploads\/2020\/06\/slide23-200x112.png\" height=\"112\" width=\"200\" alt=\"\" class=\"slider-366 slide-709 msDefaultImage\" title=\"slide23\" \/><\/li>\n                <li style=\"display: none; width: 100%;\" class=\"slide-712 ms-image \" aria-roledescription=\"slide\" data-date=\"2020-06-25 00:27:54\"><img loading=\"lazy\" decoding=\"async\" src=\"https:\/\/dresden-musikfilm.de\/wp-content\/uploads\/2020\/06\/slide20-200x112.png\" height=\"112\" width=\"200\" alt=\"\" class=\"slider-366 slide-712 msDefaultImage\" title=\"slide20\" \/><\/li>\n                <li style=\"display: none; width: 100%;\" class=\"slide-727 ms-image \" aria-roledescription=\"slide\" data-date=\"2020-06-25 00:27:54\"><img loading=\"lazy\" decoding=\"async\" src=\"https:\/\/dresden-musikfilm.de\/wp-content\/uploads\/2020\/06\/slide05-200x112.png\" height=\"112\" width=\"200\" alt=\"\" class=\"slider-366 slide-727 msDefaultImage\" title=\"slide05\" \/><\/li>\n                <li style=\"display: none; width: 100%;\" class=\"slide-731 ms-image \" aria-roledescription=\"slide\" data-date=\"2020-06-25 00:27:55\"><img loading=\"lazy\" decoding=\"async\" src=\"https:\/\/dresden-musikfilm.de\/wp-content\/uploads\/2020\/06\/slide01-200x112.png\" height=\"112\" width=\"200\" alt=\"\" class=\"slider-366 slide-731 msDefaultImage\" title=\"slide01\" \/><\/li>\n                <li style=\"display: none; width: 100%;\" class=\"slide-707 ms-image \" aria-roledescription=\"slide\" data-date=\"2020-06-25 00:27:54\"><img loading=\"lazy\" decoding=\"async\" src=\"https:\/\/dresden-musikfilm.de\/wp-content\/uploads\/2020\/06\/Slide25-200x112.png\" height=\"112\" width=\"200\" alt=\"\" class=\"slider-366 slide-707 msDefaultImage\" title=\"Slide25\" \/><\/li>\n                <li style=\"display: none; width: 100%;\" class=\"slide-715 ms-image \" aria-roledescription=\"slide\" data-date=\"2020-06-25 00:27:54\"><img loading=\"lazy\" decoding=\"async\" src=\"https:\/\/dresden-musikfilm.de\/wp-content\/uploads\/2020\/06\/slide17-200x112.png\" height=\"112\" width=\"200\" alt=\"\" class=\"slider-366 slide-715 msDefaultImage\" title=\"slide17\" \/><\/li>\n                <li style=\"display: none; width: 100%;\" class=\"slide-720 ms-image \" aria-roledescription=\"slide\" data-date=\"2020-06-25 00:27:54\"><img loading=\"lazy\" decoding=\"async\" src=\"https:\/\/dresden-musikfilm.de\/wp-content\/uploads\/2020\/06\/slide12-200x112.png\" height=\"112\" width=\"200\" alt=\"\" class=\"slider-366 slide-720 msDefaultImage\" title=\"slide12\" \/><\/li>\n                <li style=\"display: none; width: 100%;\" class=\"slide-730 ms-image \" aria-roledescription=\"slide\" data-date=\"2020-06-25 00:27:55\"><img loading=\"lazy\" decoding=\"async\" src=\"https:\/\/dresden-musikfilm.de\/wp-content\/uploads\/2020\/06\/slide02-200x112.png\" height=\"112\" width=\"200\" alt=\"\" class=\"slider-366 slide-730 msDefaultImage\" title=\"slide02\" \/><\/li>\n                <li style=\"display: none; width: 100%;\" class=\"slide-705 ms-image \" aria-roledescription=\"slide\" data-date=\"2020-06-25 00:27:54\"><img loading=\"lazy\" decoding=\"async\" src=\"https:\/\/dresden-musikfilm.de\/wp-content\/uploads\/2020\/06\/Slide27-200x112.png\" height=\"112\" width=\"200\" alt=\"\" class=\"slider-366 slide-705 msDefaultImage\" title=\"Slide27\" \/><\/li>\n                <li style=\"display: none; width: 100%;\" class=\"slide-708 ms-image \" aria-roledescription=\"slide\" data-date=\"2020-06-25 00:27:54\"><img loading=\"lazy\" decoding=\"async\" src=\"https:\/\/dresden-musikfilm.de\/wp-content\/uploads\/2020\/06\/Slide24-200x112.png\" height=\"112\" width=\"200\" alt=\"\" class=\"slider-366 slide-708 msDefaultImage\" title=\"Slide24\" \/><\/li>\n                <li style=\"display: none; width: 100%;\" class=\"slide-719 ms-image \" aria-roledescription=\"slide\" data-date=\"2020-06-25 00:27:54\"><img loading=\"lazy\" decoding=\"async\" src=\"https:\/\/dresden-musikfilm.de\/wp-content\/uploads\/2020\/06\/slide13-200x112.png\" height=\"112\" width=\"200\" alt=\"\" class=\"slider-366 slide-719 msDefaultImage\" title=\"slide13\" \/><\/li>\n            <\/ul>\n        <\/div>\n        \n    <\/div>\n<\/div><\/div>\n\n\n\n<h2 class=\"has-text-align-center wp-block-heading\"><strong>Dresden Musikfilm<\/strong><\/h2>\n\n\n\n<hr class=\"wp-block-separator has-text-color has-background has-vivid-red-background-color has-vivid-red-color is-style-wide\"\/>\n\n\n\n<p>Auf dieser Webseite pr\u00e4sentieren wir Ihnen eine etwas andere Art des musikalischen Genusses.<br>Klassische Musik in bewegte Bilder \u00fcbersetzt.<\/p>\n\n\n\n<p>Alle auf dieser Webseite angebotenen Inhalte und Beitr\u00e4ge in Text, Bild und Video sind auf Basis der ideellen Kulturf\u00f6rderung und Kulturbewahrung entstanden.<\/p>\n\n\n\n<p style=\"line-height:1.5\">Mit dieser Webseite und den angebotenen Inhalten wurden und werden <strong>KEINE<\/strong> gewerblichen und\/oder finanziellen Interessen vertreten oder verfolgt!<\/p>\n\n\n\n<p style=\"line-height:1.5\">Das Copyright, die Urheber- und Leistungsschutzrechte bleiben unber\u00fchrt.<\/p>\n\n\n\n<hr class=\"wp-block-separator has-text-color has-background has-vivid-red-background-color has-vivid-red-color is-style-wide\"\/>\n\n\n\n<p>Wenn Sie fragen haben dann schreiben Sie uns \u00fcber die Emailadresse auf der Kontaktseite.<\/p>\n\n\n\n<hr class=\"wp-block-separator has-text-color has-background has-vivid-red-background-color has-vivid-red-color is-style-wide\"\/>\n\n\n\n<p><a href=\"https:\/\/dresden-musikfilm.de\/?page_id=14\" data-type=\"page\" data-id=\"14\">Filmdokumentation<\/a><\/p>\n\n\n\n<p><a href=\"https:\/\/dresden-musikfilm.de\/?page_id=15\" data-type=\"page\" data-id=\"15\">Kapelle f\u00fcr Kids<\/a><\/p>\n\n\n\n<p><a href=\"https:\/\/dresden-musikfilm.de\/?page_id=786\">Schaffen und Wirken von A. Lorenz<\/a><\/p>\n\n\n\n<hr class=\"wp-block-separator has-text-color has-background has-vivid-red-background-color has-vivid-red-color is-style-wide\"\/>\n\n\n\n<p><\/p>\n","protected":false},"excerpt":{"rendered":"<p>Herzlich Willkommen auf der Homepage von Dresden Musikfilm Auf dieser Webseite pr\u00e4sentieren wir Ihnen eine etwas andere Art des musikalischen Genusses.Klassische Musik in bewegte Bilder \u00fcbersetzt. Alle auf dieser Webseite angebotenen Inhalte und Beitr\u00e4ge in Text, Bild und Video sind auf Basis der ideellen Kulturf\u00f6rderung und Kulturbewahrung entstanden. Mit dieser Webseite und den angebotenen Inhalten &hellip;<\/p>\n<p class=\"read-more\"> <a class=\"\" href=\"https:\/\/dresden-musikfilm.de\/\"> <span class=\"screen-reader-text\">Dresden Musikfilm Home<\/span> Weiterlesen &raquo;<\/a><\/p>\n","protected":false},"author":2,"featured_media":0,"parent":0,"menu_order":0,"comment_status":"closed","ping_status":"open","template":"","meta":{"site-sidebar-layout":"default","site-content-layout":"default","ast-global-header-display":"","ast-main-header-display":"","ast-hfb-above-header-display":"","ast-hfb-below-header-display":"","ast-hfb-mobile-header-display":"","site-post-title":"disabled","ast-breadcrumbs-content":"","ast-featured-img":"","footer-sml-layout":"","theme-transparent-header-meta":"default","adv-header-id-meta":"","stick-header-meta":"","header-above-stick-meta":"","header-main-stick-meta":"","header-below-stick-meta":"","footnotes":""},"class_list":["post-2","page","type-page","status-publish","hentry"],"_links":{"self":[{"href":"https:\/\/dresden-musikfilm.de\/index.php?rest_route=\/wp\/v2\/pages\/2","targetHints":{"allow":["GET"]}}],"collection":[{"href":"https:\/\/dresden-musikfilm.de\/index.php?rest_route=\/wp\/v2\/pages"}],"about":[{"href":"https:\/\/dresden-musikfilm.de\/index.php?rest_route=\/wp\/v2\/types\/page"}],"author":[{"embeddable":true,"href":"https:\/\/dresden-musikfilm.de\/index.php?rest_route=\/wp\/v2\/users\/2"}],"replies":[{"embeddable":true,"href":"https:\/\/dresden-musikfilm.de\/index.php?rest_route=%2Fwp%2Fv2%2Fcomments&post=2"}],"version-history":[{"count":22,"href":"https:\/\/dresden-musikfilm.de\/index.php?rest_route=\/wp\/v2\/pages\/2\/revisions"}],"predecessor-version":[{"id":875,"href":"https:\/\/dresden-musikfilm.de\/index.php?rest_route=\/wp\/v2\/pages\/2\/revisions\/875"}],"wp:attachment":[{"href":"https:\/\/dresden-musikfilm.de\/index.php?rest_route=%2Fwp%2Fv2%2Fmedia&parent=2"}],"curies":[{"name":"wp","href":"https:\/\/api.w.org\/{rel}","templated":true}]}}